{"id":325,"date":"2021-03-25T16:15:09","date_gmt":"2021-03-25T16:15:09","guid":{"rendered":"https:\/\/workspace.cohnwolfe.is\/?page_id=325"},"modified":"2021-04-16T12:43:58","modified_gmt":"2021-04-16T12:43:58","slug":"front-page","status":"publish","type":"page","link":"https:\/\/workspace.cohnwolfe.is\/","title":{"rendered":"Fors\u00ed\u00f0a"},"content":{"rendered":"\t\t<div data-elementor-type=\"wp-page\" data-elementor-id=\"325\" class=\"elementor elementor-325\" data-elementor-settings=\"[]\">\n\t\t\t\t\t\t\t<div class=\"elementor-section-wrap\">\n\t\t\t\t\t\t\t<section class=\"elementor-section elementor-top-section elementor-element elementor-element-abc8281 elementor-section-boxed elementor-section-height-default elementor-section-height-default\" data-id=\"abc8281\" data-element_type=\"section\">\n\t\t\t\t\t\t<div class=\"elementor-container elementor-column-gap-default\">\n\t\t\t\t\t\t\t\t<\/div>\n\t\t<\/section>\n\t\t\t\t<section class=\"elementor-section elementor-top-section elementor-element elementor-element-78b04fa8 elementor-section-content-middle elementor-section-height-min-height elementor-section-boxed elementor-section-height-default elementor-section-items-middle\" data-id=\"78b04fa8\" data-element_type=\"section\" data-settings=\"{&quot;background_background&quot;:&quot;classic&quot;}\">\n\t\t\t\t\t\t<div class=\"elementor-container elementor-column-gap-no\">\n\t\t\t\t\t<div class=\"elementor-column elementor-col-100 elementor-top-column elementor-element elementor-element-4f9560c9\" data-id=\"4f9560c9\" data-element_type=\"column\">\n\t\t\t<div class=\"elementor-widget-wrap elementor-element-populated\">\n\t\t\t\t\t\t\t\t<div class=\"elementor-element elementor-element-12c58feb elementor-widget elementor-widget-heading\" data-id=\"12c58feb\" data-element_type=\"widget\" data-widget_type=\"heading.default\">\n\t\t\t\t<div class=\"elementor-widget-container\">\n\t\t\t<h2 class=\"elementor-heading-title elementor-size-default\">11 huglei\u00f0ingar \u00feegar kaupa skal almannatengslar\u00e1\u00f0gj\u00f6f<\/h2>\t\t<\/div>\n\t\t\t\t<\/div>\n\t\t\t\t<div class=\"elementor-element elementor-element-10dcfc9d elementor-widget elementor-widget-text-editor\" data-id=\"10dcfc9d\" data-element_type=\"widget\" data-widget_type=\"text-editor.default\">\n\t\t\t\t<div class=\"elementor-widget-container\">\n\t\t\t\t\t<div class=\"elementor-text-editor elementor-clearfix\"><p>\u00cd hnotskurn sn\u00faast velheppnu\u00f0 almannatengsl um a\u00f0 fanga athygli r\u00e9tta f\u00f3lksins \u00e1 r\u00e9ttum t\u00edma og a\u00f0 r\u00e9tt s\u00e9 sta\u00f0i\u00f0 a\u00f0 \u00f6llu. Almannatengsl fjalla&#8230;<\/p><\/div>\n\t\t\t\t<\/div>\n\t\t\t\t<\/div>\n\t\t\t\t<div class=\"elementor-element elementor-element-890662a elementor-button-success elementor-widget elementor-widget-button\" data-id=\"890662a\" data-element_type=\"widget\" data-widget_type=\"button.default\">\n\t\t\t\t<div class=\"elementor-widget-container\">\n\t\t\t\t\t<div class=\"elementor-button-wrapper\">\n\t\t\t<a href=\"\/index.php\/11-hugleidingar-thegar-kaupa-skal-almannatengslaradgjof\/\" class=\"elementor-button-link elementor-button elementor-size-sm elementor-animation-grow\" role=\"button\">\n\t\t\t\t\t\t<span class=\"elementor-button-content-wrapper\">\n\t\t\t\t\t\t<span class=\"elementor-button-text\">smelltu & lestu \u00bb<\/span>\n\t\t<\/span>\n\t\t\t\t\t<\/a>\n\t\t<\/div>\n\t\t\t\t<\/div>\n\t\t\t\t<\/div>\n\t\t\t\t\t<\/div>\n\t\t<\/div>\n\t\t\t\t\t\t\t<\/div>\n\t\t<\/section>\n\t\t\t\t<section class=\"elementor-section elementor-top-section elementor-element elementor-element-cb91fae elementor-section-boxed elementor-section-height-default elementor-section-height-default\" data-id=\"cb91fae\" data-element_type=\"section\">\n\t\t\t\t\t\t<div class=\"elementor-container elementor-column-gap-default\">\n\t\t\t\t\t<div class=\"elementor-column elementor-col-50 elementor-top-column elementor-element elementor-element-d42de46\" data-id=\"d42de46\" data-element_type=\"column\">\n\t\t\t<div class=\"elementor-widget-wrap elementor-element-populated\">\n\t\t\t\t\t\t\t\t<div class=\"elementor-element elementor-element-4fd1946 elementor-grid-2 elementor-grid-tablet-2 elementor-grid-mobile-1 elementor-posts--thumbnail-top elementor-widget elementor-widget-posts\" data-id=\"4fd1946\" data-element_type=\"widget\" data-settings=\"{&quot;classic_columns&quot;:&quot;2&quot;,&quot;classic_columns_tablet&quot;:&quot;2&quot;,&quot;classic_columns_mobile&quot;:&quot;1&quot;,&quot;classic_row_gap&quot;:{&quot;unit&quot;:&quot;px&quot;,&quot;size&quot;:35,&quot;sizes&quot;:[]}}\" data-widget_type=\"posts.classic\">\n\t\t\t\t<div class=\"elementor-widget-container\">\n\t\t\t\t\t<div class=\"elementor-posts-container elementor-posts elementor-posts--skin-classic elementor-grid\">\n\t\t\t\t<article class=\"elementor-post elementor-grid-item post-267 post type-post status-publish format-standard has-post-thumbnail hentry category-ulfaslod\">\n\t\t\t\t<a class=\"elementor-post__thumbnail__link\" href=\"https:\/\/workspace.cohnwolfe.is\/index.php\/2021\/01\/06\/hid-andlega-og-hid-veraldlega-skortir-gagnkvaeman-skilning\/\" >\n\t\t\t<div class=\"elementor-post__thumbnail\"><img width=\"1024\" height=\"576\" src=\"https:\/\/workspace.cohnwolfe.is\/wp-content\/uploads\/2021\/01\/stefan-kunze-oLdm7mnhDic-unsplash-scaled-e1616676767255-1024x576.jpg\" class=\"attachment-large size-large\" alt=\"\" loading=\"lazy\" srcset=\"https:\/\/workspace.cohnwolfe.is\/wp-content\/uploads\/2021\/01\/stefan-kunze-oLdm7mnhDic-unsplash-scaled-e1616676767255-1024x576.jpg 1024w, https:\/\/workspace.cohnwolfe.is\/wp-content\/uploads\/2021\/01\/stefan-kunze-oLdm7mnhDic-unsplash-scaled-e1616676767255-300x169.jpg 300w, https:\/\/workspace.cohnwolfe.is\/wp-content\/uploads\/2021\/01\/stefan-kunze-oLdm7mnhDic-unsplash-scaled-e1616676767255-768x432.jpg 768w, https:\/\/workspace.cohnwolfe.is\/wp-content\/uploads\/2021\/01\/stefan-kunze-oLdm7mnhDic-unsplash-scaled-e1616676767255-1536x864.jpg 1536w, https:\/\/workspace.cohnwolfe.is\/wp-content\/uploads\/2021\/01\/stefan-kunze-oLdm7mnhDic-unsplash-scaled-e1616676767255.jpg 1920w\" sizes=\"(max-width: 1024px) 100vw, 1024px\" \/><\/div>\n\t\t<\/a>\n\t\t\t\t<div class=\"elementor-post__text\">\n\t\t\t\t<h2 class=\"elementor-post__title\">\n\t\t\t<a href=\"https:\/\/workspace.cohnwolfe.is\/index.php\/2021\/01\/06\/hid-andlega-og-hid-veraldlega-skortir-gagnkvaeman-skilning\/\" >\n\t\t\t\tHi\u00f0 andlega og hi\u00f0 veraldlega skortir gagnkv\u00e6man skilning\t\t\t<\/a>\n\t\t<\/h2>\n\t\t\t\t<div class=\"elementor-post__excerpt\">\n\t\t\t<p>Ekki einu sinni, heldur tvisvar vir\u00f0ist ka\u00fe\u00f3lska kirkjan brj\u00f3ta gegn s\u00f3ttvarnarreglum. Patrick Breen, sta\u00f0gengill biskups, v\u00edsa\u00f0i \u00ed st\u00e6r\u00f0 kirkjunnar og eigin sko\u00f0un a\u00f0 h\u00fan v\u00e6ri n\u00f3gu st\u00f3r til \u00feess a\u00f0 \u00f3h\u00e6tt v\u00e6ri a\u00f0 fimmt\u00edu manns k\u00e6mu saman \u00ed sta\u00f0 t\u00edu eins og samkomutakmarkanir gera r\u00e1\u00f0 fyrir.<\/p>\n\t\t<\/div>\n\t\t\t\t\t<a class=\"elementor-post__read-more\" href=\"https:\/\/workspace.cohnwolfe.is\/index.php\/2021\/01\/06\/hid-andlega-og-hid-veraldlega-skortir-gagnkvaeman-skilning\/\" >\n\t\t\t\tsmelltu & lestu \u00bb\t\t\t<\/a>\n\t\t\t\t<\/div>\n\t\t\t\t<\/article>\n\t\t\t\t<article class=\"elementor-post elementor-grid-item post-266 post type-post status-publish format-standard has-post-thumbnail hentry category-ulfaslod\">\n\t\t\t\t<a class=\"elementor-post__thumbnail__link\" href=\"https:\/\/workspace.cohnwolfe.is\/index.php\/2020\/09\/15\/covid-19-jok-netnotkun-heimsins-hvad-gerdist-a-islandi\/\" >\n\t\t\t<div class=\"elementor-post__thumbnail\"><img width=\"1024\" height=\"576\" src=\"https:\/\/workspace.cohnwolfe.is\/wp-content\/uploads\/2021\/03\/3fhp2yopdxu-scaled-e1616677044706-1024x576.jpg\" class=\"attachment-large size-large\" alt=\"woman in black shirt holding white plastic bottle\" loading=\"lazy\" srcset=\"https:\/\/workspace.cohnwolfe.is\/wp-content\/uploads\/2021\/03\/3fhp2yopdxu-scaled-e1616677044706-1024x576.jpg 1024w, https:\/\/workspace.cohnwolfe.is\/wp-content\/uploads\/2021\/03\/3fhp2yopdxu-scaled-e1616677044706-300x169.jpg 300w, https:\/\/workspace.cohnwolfe.is\/wp-content\/uploads\/2021\/03\/3fhp2yopdxu-scaled-e1616677044706-768x432.jpg 768w, https:\/\/workspace.cohnwolfe.is\/wp-content\/uploads\/2021\/03\/3fhp2yopdxu-scaled-e1616677044706-1536x864.jpg 1536w, https:\/\/workspace.cohnwolfe.is\/wp-content\/uploads\/2021\/03\/3fhp2yopdxu-scaled-e1616677044706-2048x1152.jpg 2048w\" sizes=\"(max-width: 1024px) 100vw, 1024px\" \/><\/div>\n\t\t<\/a>\n\t\t\t\t<div class=\"elementor-post__text\">\n\t\t\t\t<h2 class=\"elementor-post__title\">\n\t\t\t<a href=\"https:\/\/workspace.cohnwolfe.is\/index.php\/2020\/09\/15\/covid-19-jok-netnotkun-heimsins-hvad-gerdist-a-islandi\/\" >\n\t\t\t\tCovid-19 j\u00f3k netnotkun heimsins. Hva\u00f0 ger\u00f0ist \u00e1 \u00cdslandi?\t\t\t<\/a>\n\t\t<\/h2>\n\t\t\t\t<div class=\"elementor-post__excerpt\">\n\t\t\t<p>Covid-19 faraldurinn hefur leitt til aukningar \u00e1 notkun snjallt\u00e6kja og breyttrar heg\u00f0unar f\u00f3lks \u00e1 netinu um allan heim. \u00cdsland er engin undantekning en m\u00f6rg fyrirt\u00e6ki t\u00f3ku me\u00f0al annars upp heimsendingar, l\u00e6kku\u00f0u ver\u00f0 og juku \u00farval vara \u00e1 netinu svo eitthva\u00f0 s\u00e9 nefnt. \u00deess m\u00e1 geta a\u00f0 92% landsmanna notu\u00f0u Facebook \u00ed ma\u00ed og 70% Youtube<\/p>\n\t\t<\/div>\n\t\t\t\t\t<a class=\"elementor-post__read-more\" href=\"https:\/\/workspace.cohnwolfe.is\/index.php\/2020\/09\/15\/covid-19-jok-netnotkun-heimsins-hvad-gerdist-a-islandi\/\" >\n\t\t\t\tsmelltu & lestu \u00bb\t\t\t<\/a>\n\t\t\t\t<\/div>\n\t\t\t\t<\/article>\n\t\t\t\t<\/div>\n\t\t\t\t<\/div>\n\t\t\t\t<\/div>\n\t\t\t\t\t<\/div>\n\t\t<\/div>\n\t\t\t\t<div class=\"elementor-column elementor-col-50 elementor-top-column elementor-element elementor-element-fa8d0b2\" data-id=\"fa8d0b2\" data-element_type=\"column\" data-settings=\"{&quot;background_background&quot;:&quot;classic&quot;}\">\n\t\t\t<div class=\"elementor-widget-wrap elementor-element-populated\">\n\t\t\t\t\t\t\t\t<div class=\"elementor-element elementor-element-d05577f elementor-grid-1 elementor-grid-tablet-1 elementor-grid-mobile-1 elementor-posts--thumbnail-top elementor-widget elementor-widget-posts\" data-id=\"d05577f\" data-element_type=\"widget\" data-settings=\"{&quot;classic_columns&quot;:&quot;1&quot;,&quot;classic_columns_tablet&quot;:&quot;1&quot;,&quot;classic_columns_mobile&quot;:&quot;1&quot;,&quot;classic_row_gap&quot;:{&quot;unit&quot;:&quot;px&quot;,&quot;size&quot;:35,&quot;sizes&quot;:[]}}\" data-widget_type=\"posts.classic\">\n\t\t\t\t<div class=\"elementor-widget-container\">\n\t\t\t\t\t<div class=\"elementor-posts-container elementor-posts elementor-posts--skin-classic elementor-grid\">\n\t\t\t\t<article class=\"elementor-post elementor-grid-item post-256 post type-post status-publish format-standard has-post-thumbnail hentry category-ulfaslod\">\n\t\t\t\t<a class=\"elementor-post__thumbnail__link\" href=\"https:\/\/workspace.cohnwolfe.is\/index.php\/2018\/10\/09\/gaet-um-nytt-fag-for-stjora-bet-ur\/\" >\n\t\t\t<div class=\"elementor-post__thumbnail\"><img width=\"1024\" height=\"576\" src=\"https:\/\/workspace.cohnwolfe.is\/wp-content\/uploads\/2018\/10\/like_a_boss_mbl_HD-1024x576.jpg\" class=\"attachment-large size-large\" alt=\"\" loading=\"lazy\" srcset=\"https:\/\/workspace.cohnwolfe.is\/wp-content\/uploads\/2018\/10\/like_a_boss_mbl_HD-1024x576.jpg 1024w, https:\/\/workspace.cohnwolfe.is\/wp-content\/uploads\/2018\/10\/like_a_boss_mbl_HD-300x169.jpg 300w, https:\/\/workspace.cohnwolfe.is\/wp-content\/uploads\/2018\/10\/like_a_boss_mbl_HD-768x432.jpg 768w, https:\/\/workspace.cohnwolfe.is\/wp-content\/uploads\/2018\/10\/like_a_boss_mbl_HD-1536x864.jpg 1536w, https:\/\/workspace.cohnwolfe.is\/wp-content\/uploads\/2018\/10\/like_a_boss_mbl_HD.jpg 1920w\" sizes=\"(max-width: 1024px) 100vw, 1024px\" \/><\/div>\n\t\t<\/a>\n\t\t\t\t<div class=\"elementor-post__text\">\n\t\t\t\t<h2 class=\"elementor-post__title\">\n\t\t\t<a href=\"https:\/\/workspace.cohnwolfe.is\/index.php\/2018\/10\/09\/gaet-um-nytt-fag-for-stjora-bet-ur\/\" >\n\t\t\t\tG\u00e6t\u00adum n\u00fdtt fag\u00adfor\u00adstj\u00f3ra bet\u00adur\t\t\t<\/a>\n\t\t<\/h2>\n\t\t\t\t<div class=\"elementor-post__excerpt\">\n\t\t\t<p>Gu\u00f0j\u00f3n Hei\u00f0ar P\u00e1ls\u00adson seg\u00adir \u00eds\u00adlensk\u00adum fyr\u00adir\u00adt\u00e6kj\u00adum h\u00e6tta til a\u00f0 velja sk. geira\u00adfor\u00adstj\u00f3ra frek\u00adar en fag\u00adfor\u00adstj\u00f3ra til a\u00f0 st\u00fdra rekstr\u00adin\u00adum. \u201e\u00deekk\u00ading\u00adar\u00adlega stend\u00adur \u00fe\u00f3 fag\u00adfor\u00adstj\u00f3r\u00adinn sk\u00f6r\u00adinni h\u00e6rra en geira\u00adfor\u00adstj\u00f3r\u00adinn, enda hef\u00adur fag\u00adfor\u00adstj\u00f3r\u00adinn mennta\u00f0 sig s\u00e9r\u00adstak\u00adlega me\u00f0 ein\u00adhverj\u00adum h\u00e6tti til a\u00f0 gegna starf\u00adinu.\u201c<\/p>\n\t\t<\/div>\n\t\t\t\t\t<a class=\"elementor-post__read-more\" href=\"https:\/\/workspace.cohnwolfe.is\/index.php\/2018\/10\/09\/gaet-um-nytt-fag-for-stjora-bet-ur\/\" >\n\t\t\t\tsmelltu & lestu \u00bb\t\t\t<\/a>\n\t\t\t\t<\/div>\n\t\t\t\t<\/article>\n\t\t\t\t<\/div>\n\t\t\t\t<\/div>\n\t\t\t\t<\/div>\n\t\t\t\t\t<\/div>\n\t\t<\/div>\n\t\t\t\t\t\t\t<\/div>\n\t\t<\/section>\n\t\t\t\t\t\t<\/div>\n\t\t\t\t\t<\/div>\n\t\t","protected":false},"excerpt":{"rendered":"<p>11 huglei\u00f0ingar \u00feegar kaupa skal almannatengslar\u00e1\u00f0gj\u00f6f \u00cd hnotskurn sn\u00faast velheppnu\u00f0 almannatengsl um a\u00f0 fanga athygli r\u00e9tta f\u00f3lksins \u00e1 r\u00e9ttum t\u00edma og a\u00f0 r\u00e9tt s\u00e9 sta\u00f0i\u00f0 a\u00f0 \u00f6llu. Almannatengsl fjalla&#8230; smelltu &#038; lestu \u00bb<\/p>\n","protected":false},"author":2,"featured_media":0,"parent":0,"menu_order":0,"comment_status":"closed","ping_status":"closed","template":"elementor_header_footer","meta":[],"categories":[],"tags":[],"_links":{"self":[{"href":"https:\/\/workspace.cohnwolfe.is\/index.php\/wp-json\/wp\/v2\/pages\/325"}],"collection":[{"href":"https:\/\/workspace.cohnwolfe.is\/index.php\/wp-json\/wp\/v2\/pages"}],"about":[{"href":"https:\/\/workspace.cohnwolfe.is\/index.php\/wp-json\/wp\/v2\/types\/page"}],"author":[{"embeddable":true,"href":"https:\/\/workspace.cohnwolfe.is\/index.php\/wp-json\/wp\/v2\/users\/2"}],"replies":[{"embeddable":true,"href":"https:\/\/workspace.cohnwolfe.is\/index.php\/wp-json\/wp\/v2\/comments?post=325"}],"version-history":[{"count":67,"href":"https:\/\/workspace.cohnwolfe.is\/index.php\/wp-json\/wp\/v2\/pages\/325\/revisions"}],"predecessor-version":[{"id":830,"href":"https:\/\/workspace.cohnwolfe.is\/index.php\/wp-json\/wp\/v2\/pages\/325\/revisions\/830"}],"wp:attachment":[{"href":"https:\/\/workspace.cohnwolfe.is\/index.php\/wp-json\/wp\/v2\/media?parent=325"}],"wp:term":[{"taxonomy":"category","embeddable":true,"href":"https:\/\/workspace.cohnwolfe.is\/index.php\/wp-json\/wp\/v2\/categories?post=325"},{"taxonomy":"post_tag","embeddable":true,"href":"https:\/\/workspace.cohnwolfe.is\/index.php\/wp-json\/wp\/v2\/tags?post=325"}],"curies":[{"name":"wp","href":"https:\/\/api.w.org\/{rel}","templated":true}]}}