{"id":383,"date":"2021-04-12T14:31:16","date_gmt":"2021-04-12T14:31:16","guid":{"rendered":"https:\/\/workspace.cohnwolfe.is\/?page_id=383"},"modified":"2021-04-15T14:23:18","modified_gmt":"2021-04-15T14:23:18","slug":"hafdu-samband","status":"publish","type":"page","link":"https:\/\/workspace.cohnwolfe.is\/index.php\/hafdu-samband\/","title":{"rendered":"Haf\u00f0u samband"},"content":{"rendered":"\t\t<div data-elementor-type=\"wp-page\" data-elementor-id=\"383\" class=\"elementor elementor-383\" data-elementor-settings=\"[]\">\n\t\t\t\t\t\t\t<div class=\"elementor-section-wrap\">\n\t\t\t\t\t\t\t<section class=\"elementor-section elementor-top-section elementor-element elementor-element-1e92bfa elementor-section-boxed elementor-section-height-default elementor-section-height-default\" data-id=\"1e92bfa\" data-element_type=\"section\">\n\t\t\t\t\t\t<div class=\"elementor-container elementor-column-gap-default\">\n\t\t\t\t\t<div class=\"elementor-column elementor-col-50 elementor-top-column elementor-element elementor-element-8f3d2d6\" data-id=\"8f3d2d6\" data-element_type=\"column\">\n\t\t\t<div class=\"elementor-widget-wrap elementor-element-populated\">\n\t\t\t\t\t\t\t\t<div class=\"elementor-element elementor-element-f1f11f2 elementor-widget elementor-widget-heading\" data-id=\"f1f11f2\" data-element_type=\"widget\" data-widget_type=\"heading.default\">\n\t\t\t\t<div class=\"elementor-widget-container\">\n\t\t\t<h2 class=\"elementor-heading-title elementor-size-default\">Hefur\u00f0u \u00e1huga \u00e1 fagmennsku og g\u00e6\u00f0um?<\/h2>\t\t<\/div>\n\t\t\t\t<\/div>\n\t\t\t\t<div class=\"elementor-element elementor-element-7bfa85d elementor-widget elementor-widget-text-editor\" data-id=\"7bfa85d\" data-element_type=\"widget\" data-widget_type=\"text-editor.default\">\n\t\t\t\t<div class=\"elementor-widget-container\">\n\t\t\t\t\t<div class=\"elementor-text-editor elementor-clearfix\"><h4>Cohn &amp; Wolfe tekst \u00e1 vi\u00f0 krefjandi \u00e1skoranir og verkefni me\u00f0 skapandi vinnugle\u00f0i a\u00f0 vopni og \u00f3\u00ferj\u00f3tandi \u00feekkingarleit \u00ed brj\u00f3sti sem skapar skemmtilegt andr\u00famsloft og &#8211; ekki s\u00edst &#8211; \u00e1rangur fyrir vi\u00f0skiptavini okkar og samstarfsa\u00f0ila.<\/h4>\n<p>Komdu \u00ed heims\u00f3kn. Vertu \u00ed h\u00f3pi \u00feeirra bestu. Mundu bara. Vi\u00f0\u00a0eigum okkur enga keppinauta. Vi\u00f0 keppum ekki vi\u00f0 a\u00f0ra.\u00a0\u00dea\u00f0 er bara \u00feannig. Me\u00f0 inns\u00fdn, \u00e1huga og fagmennsku a\u00f0 vopni stefnum vi\u00f0 a\u00f0\u00a0\u00fev\u00ed a\u00f0 sigra okkur sj\u00e1lf.\u00a0Vi\u00f0 erum okkar eigin keppinautar. Hvern dag. Ef \u00fe\u00fa fattar \u00e1\u00a01,3 sek. a\u00f0 lofor\u00f0, \u00e1rei\u00f0anleiki, a\u00f0gengileiki og notagildi geti m\u00f6gulega sta\u00f0i\u00f0 fyrir fagmennsku okkar \u00fe\u00e1 ertu ok.\u00a0Ef \u00fe\u00fa telur \u00feig geta unni\u00f0 \u00e1 \u00feessum forsendum, haf\u00f0u \u00fe\u00e1 samband. Annars ekki \ud83d\ude09 takk.<\/p>\n<h4><strong>Hringdu og\/e\u00f0a sendu okkur t\u00f6lvup\u00f3st:<\/strong><br \/><strong>\u00c1 skrifstofut\u00edma: 552 5100<\/strong><br \/><strong>Utan skrifstofut\u00edma: 898 5107; 8985101<\/strong><br \/><strong>T\u00f6lvup\u00f3stfang:\u00a0reykjavik@cohnwolfe.is<\/strong><\/h4><\/div>\n\t\t\t\t<\/div>\n\t\t\t\t<\/div>\n\t\t\t\t\t<\/div>\n\t\t<\/div>\n\t\t\t\t<div class=\"elementor-column elementor-col-50 elementor-top-column elementor-element elementor-element-1adfd31\" data-id=\"1adfd31\" data-element_type=\"column\">\n\t\t\t<div class=\"elementor-widget-wrap elementor-element-populated\">\n\t\t\t\t\t\t\t\t<div class=\"elementor-element elementor-element-0704451 elementor-widget elementor-widget-theme-post-featured-image elementor-widget-image\" data-id=\"0704451\" data-element_type=\"widget\" data-widget_type=\"theme-post-featured-image.default\">\n\t\t\t\t<div class=\"elementor-widget-container\">\n\t\t\t\t\t<div class=\"elementor-image\">\n\t\t\t\t\t\t\t\t\t\t<img width=\"500\" height=\"500\" src=\"https:\/\/workspace.cohnwolfe.is\/wp-content\/uploads\/2021\/04\/cw_katrinartun2_main.jpg\" class=\"attachment-large size-large\" alt=\"\" loading=\"lazy\" srcset=\"https:\/\/workspace.cohnwolfe.is\/wp-content\/uploads\/2021\/04\/cw_katrinartun2_main.jpg 500w, https:\/\/workspace.cohnwolfe.is\/wp-content\/uploads\/2021\/04\/cw_katrinartun2_main-300x300.jpg 300w, https:\/\/workspace.cohnwolfe.is\/wp-content\/uploads\/2021\/04\/cw_katrinartun2_main-150x150.jpg 150w, https:\/\/workspace.cohnwolfe.is\/wp-content\/uploads\/2021\/04\/cw_katrinartun2_main-380x380.jpg 380w, https:\/\/workspace.cohnwolfe.is\/wp-content\/uploads\/2021\/04\/cw_katrinartun2_main-285x285.jpg 285w\" sizes=\"(max-width: 500px) 100vw, 500px\" \/>\t\t\t\t\t\t\t\t\t\t\t<\/div>\n\t\t\t\t<\/div>\n\t\t\t\t<\/div>\n\t\t\t\t\t<\/div>\n\t\t<\/div>\n\t\t\t\t\t\t\t<\/div>\n\t\t<\/section>\n\t\t\t\t<section class=\"elementor-section elementor-top-section elementor-element elementor-element-c7799a6 elementor-section-boxed elementor-section-height-default elementor-section-height-default\" data-id=\"c7799a6\" data-element_type=\"section\">\n\t\t\t\t\t\t<div class=\"elementor-container elementor-column-gap-default\">\n\t\t\t\t\t<div class=\"elementor-column elementor-col-50 elementor-top-column elementor-element elementor-element-e349b04\" data-id=\"e349b04\" data-element_type=\"column\">\n\t\t\t<div class=\"elementor-widget-wrap elementor-element-populated\">\n\t\t\t\t\t\t\t\t<div class=\"elementor-element elementor-element-179ff6d elementor-widget elementor-widget-google_maps\" data-id=\"179ff6d\" data-element_type=\"widget\" data-widget_type=\"google_maps.default\">\n\t\t\t\t<div class=\"elementor-widget-container\">\n\t\t\t<div class=\"elementor-custom-embed\"><iframe frameborder=\"0\" scrolling=\"no\" marginheight=\"0\" marginwidth=\"0\" src=\"https:\/\/maps.google.com\/maps?q=katr%C3%ADnart%C3%BAn%202&amp;t=m&amp;z=12&amp;output=embed&amp;iwloc=near\" title=\"katr\u00ednart\u00fan 2\" aria-label=\"katr\u00ednart\u00fan 2\"><\/iframe><\/div>\t\t<\/div>\n\t\t\t\t<\/div>\n\t\t\t\t\t<\/div>\n\t\t<\/div>\n\t\t\t\t<div class=\"elementor-column elementor-col-50 elementor-top-column elementor-element elementor-element-9ca1bb7\" data-id=\"9ca1bb7\" data-element_type=\"column\">\n\t\t\t<div class=\"elementor-widget-wrap elementor-element-populated\">\n\t\t\t\t\t\t\t\t<div class=\"elementor-element elementor-element-c06171a elementor-widget elementor-widget-text-editor\" data-id=\"c06171a\" data-element_type=\"widget\" data-widget_type=\"text-editor.default\">\n\t\t\t\t<div class=\"elementor-widget-container\">\n\t\t\t\t\t<div class=\"elementor-text-editor elementor-clearfix\"><p><strong>Cohn &amp; Wolfe \u00cdslandi ehf. almannatengsl<br \/><\/strong>Hluti af WPP Group, Grey Global Group, Young &amp; Rubicam Group<\/p>\n<p>A\u00f0setur: <strong>Reykjav\u00edk. Katr\u00ednart\u00fan 2, 16. h\u00e6\u00f0<\/strong><br \/>P\u00f3stfang: <strong>P\u00f3sth\u00f3lf 5115, 125 Reykjav\u00edk<\/strong><br \/>S\u00edmi skrifstofa: 552 5100<br \/>Br\u00e9fs\u00edmi: 552 5103<\/p><\/div>\n\t\t\t\t<\/div>\n\t\t\t\t<\/div>\n\t\t\t\t\t<\/div>\n\t\t<\/div>\n\t\t\t\t\t\t\t<\/div>\n\t\t<\/section>\n\t\t\t\t\t\t<\/div>\n\t\t\t\t\t<\/div>\n\t\t","protected":false},"excerpt":{"rendered":"<p>Hefur\u00f0u \u00e1huga \u00e1 fagmennsku og g\u00e6\u00f0um? Cohn &amp; Wolfe tekst \u00e1 vi\u00f0 krefjandi \u00e1skoranir og verkefni me\u00f0 skapandi vinnugle\u00f0i a\u00f0 vopni og \u00f3\u00ferj\u00f3tandi \u00feekkingarleit \u00ed brj\u00f3sti sem skapar skemmtilegt andr\u00famsloft og &#8211; ekki s\u00edst &#8211; \u00e1rangur fyrir vi\u00f0skiptavini okkar og samstarfsa\u00f0ila. Komdu \u00ed heims\u00f3kn. Vertu \u00ed h\u00f3pi \u00feeirra bestu. Mundu bara. Vi\u00f0\u00a0eigum okkur enga keppinauta.&#8230;<\/p>\n<p class=\"more-link\"><a href=\"https:\/\/workspace.cohnwolfe.is\/index.php\/hafdu-samband\/\" class=\"\"><span>Read More<\/span><i>&#43;<\/i><\/a><\/p>\n","protected":false},"author":2,"featured_media":384,"parent":0,"menu_order":0,"comment_status":"closed","ping_status":"closed","template":"","meta":[],"categories":[],"tags":[],"_links":{"self":[{"href":"https:\/\/workspace.cohnwolfe.is\/index.php\/wp-json\/wp\/v2\/pages\/383"}],"collection":[{"href":"https:\/\/workspace.cohnwolfe.is\/index.php\/wp-json\/wp\/v2\/pages"}],"about":[{"href":"https:\/\/workspace.cohnwolfe.is\/index.php\/wp-json\/wp\/v2\/types\/page"}],"author":[{"embeddable":true,"href":"https:\/\/workspace.cohnwolfe.is\/index.php\/wp-json\/wp\/v2\/users\/2"}],"replies":[{"embeddable":true,"href":"https:\/\/workspace.cohnwolfe.is\/index.php\/wp-json\/wp\/v2\/comments?post=383"}],"version-history":[{"count":21,"href":"https:\/\/workspace.cohnwolfe.is\/index.php\/wp-json\/wp\/v2\/pages\/383\/revisions"}],"predecessor-version":[{"id":757,"href":"https:\/\/workspace.cohnwolfe.is\/index.php\/wp-json\/wp\/v2\/pages\/383\/revisions\/757"}],"wp:featuredmedia":[{"embeddable":true,"href":"https:\/\/workspace.cohnwolfe.is\/index.php\/wp-json\/wp\/v2\/media\/384"}],"wp:attachment":[{"href":"https:\/\/workspace.cohnwolfe.is\/index.php\/wp-json\/wp\/v2\/media?parent=383"}],"wp:term":[{"taxonomy":"category","embeddable":true,"href":"https:\/\/workspace.cohnwolfe.is\/index.php\/wp-json\/wp\/v2\/categories?post=383"},{"taxonomy":"post_tag","embeddable":true,"href":"https:\/\/workspace.cohnwolfe.is\/index.php\/wp-json\/wp\/v2\/tags?post=383"}],"curies":[{"name":"wp","href":"https:\/\/api.w.org\/{rel}","templated":true}]}}